{"id":6364,"date":"2023-11-14T16:23:31","date_gmt":"2023-11-14T15:23:31","guid":{"rendered":"https:\/\/www.belaprof.es\/?page_id=6364"},"modified":"2024-02-20T15:13:50","modified_gmt":"2024-02-20T14:13:50","slug":"acerca-de-nosotros","status":"publish","type":"page","link":"https:\/\/marimarin.es\/?page_id=6364","title":{"rendered":"Acerca de nosotros"},"content":{"rendered":"<p>[et_pb_section fb_built=\u00bb1&#8243; admin_label=\u00bbHeader\u00bb _builder_version=\u00bb4.23.1&#8243; _module_preset=\u00bbdefault\u00bb background_color=\u00bb#000000&#8243; collapsed=\u00bbon\u00bb global_colors_info=\u00bb{}\u00bb][et_pb_row _builder_version=\u00bb4.20.0&#8243; _module_preset=\u00bbdefault\u00bb global_colors_info=\u00bb{}\u00bb][et_pb_column type=\u00bb4_4&#8243; _builder_version=\u00bb4.20.0&#8243; _module_preset=\u00bbdefault\u00bb global_colors_info=\u00bb{}\u00bb][et_pb_text _builder_version=\u00bb4.23.1&#8243; _module_preset=\u00bb571fea6b-e79c-4d91-9e01-1880dcb0a449&#8243; header_text_color=\u00bb#FFFFFF\u00bb header_letter_spacing=\u00bb0.1em\u00bb text_orientation=\u00bbcenter\u00bb global_colors_info=\u00bb{}\u00bb]<\/p>\n<h1>Acerca de MariMarin<\/h1>\n<p>[\/et_pb_text][\/et_pb_column][\/et_pb_row][et_pb_row column_structure=\u00bb1_2,1_2&#8243; use_custom_gutter=\u00bbon\u00bb gutter_width=\u00bb2&#8243; custom_padding_last_edited=\u00bbon|tablet\u00bb _builder_version=\u00bb4.23.1&#8243; _module_preset=\u00bbdefault\u00bb background_color=\u00bbrgba(255,255,255,0.32)\u00bb max_width=\u00bb100%\u00bb custom_padding=\u00bb80px|80px|0px|80px|false|true\u00bb custom_padding_tablet=\u00bb40px|40px|40px|40px|true|true\u00bb custom_padding_phone=\u00bb20px|20px|20px|20px|true|true\u00bb global_colors_info=\u00bb{}\u00bb][et_pb_column type=\u00bb1_2&#8243; _builder_version=\u00bb4.20.0&#8243; _module_preset=\u00bbdefault\u00bb global_colors_info=\u00bb{}\u00bb][et_pb_image src=\u00bbhttps:\/\/marimarin.es\/wp-content\/uploads\/2023\/11\/Estudio-fotografico-maria-marin-Gibraleon-Huelva-16.jpg\u00bb title_text=\u00bbEstudio fotografico maria marin Gibraleon Huelva (16)\u00bb _builder_version=\u00bb4.24.0&#8243; _module_preset=\u00bbdefault\u00bb hover_enabled=\u00bb0&#8243; global_colors_info=\u00bb{}\u00bb sticky_enabled=\u00bb0&#8243;][\/et_pb_image][\/et_pb_column][et_pb_column type=\u00bb1_2&#8243; _builder_version=\u00bb4.20.0&#8243; _module_preset=\u00bbdefault\u00bb global_colors_info=\u00bb{}\u00bb][et_pb_text _builder_version=\u00bb4.23.1&#8243; _module_preset=\u00bbe1b92aed-2bbd-4273-8e92-212033f580f4&#8243; text_font=\u00bb||||||||\u00bb text_text_color=\u00bb#FFFFFF\u00bb global_colors_info=\u00bb{}\u00bb]<\/p>\n<p><strong>Capturando Momentos Inolvidables: Tu Equipo de Profesionales en Fotograf\u00eda<\/strong><\/p>\n<p>En nuestro estudio fotogr\u00e1fico, nos dedicamos apasionadamente a capturar y crear los momentos m\u00e1s preciosos de tu vida. Cada imagen que tomamos est\u00e1 imbuida con nuestra pasi\u00f3n y experiencia, lo que se refleja claramente en los resultados finales. Con m\u00e1s de dos d\u00e9cadas de experiencia en el mundo de la fotograf\u00eda y un s\u00f3lido historial de cientos de proyectos exitosos, somos una elecci\u00f3n confiable para convertir tus recuerdos en obras maestras visuales.<\/p>\n<p><strong>Nuestra Experiencia Habla por S\u00ed Misma<\/strong><\/p>\n<p>Con m\u00e1s de 20 a\u00f1os de experiencia en la industria fotogr\u00e1fica, hemos perfeccionado nuestro arte y enriquecido nuestro conocimiento en cada disparo. Nuestro trabajo abarca una amplia gama de momentos especiales, desde emocionantes bodas hasta la dulce espera de la maternidad, la alegr\u00eda de los reci\u00e9n nacidos, la solemnidad de las comuniones y mucho m\u00e1s. Cada encuadre que creamos cuenta una historia \u00fanica, y nos enorgullece haber sido parte de tantas historias a lo largo de los a\u00f1os.<\/p>\n<p>[\/et_pb_text][\/et_pb_column][\/et_pb_row][et_pb_row use_custom_gutter=\u00bbon\u00bb gutter_width=\u00bb2&#8243; custom_padding_last_edited=\u00bbon|tablet\u00bb _builder_version=\u00bb4.23.1&#8243; _module_preset=\u00bbdefault\u00bb background_color=\u00bbrgba(255,255,255,0.32)\u00bb max_width=\u00bb100%\u00bb custom_padding=\u00bb0px|80px|0px|80px|true|true\u00bb custom_padding_tablet=\u00bb40px|40px|40px|40px|true|true\u00bb custom_padding_phone=\u00bb20px|20px|20px|20px|true|true\u00bb global_colors_info=\u00bb{}\u00bb][et_pb_column type=\u00bb4_4&#8243; _builder_version=\u00bb4.20.0&#8243; _module_preset=\u00bbdefault\u00bb global_colors_info=\u00bb{}\u00bb][et_pb_text _builder_version=\u00bb4.23.1&#8243; _module_preset=\u00bbe1b92aed-2bbd-4273-8e92-212033f580f4&#8243; text_font=\u00bb||||||||\u00bb text_text_color=\u00bb#FFFFFF\u00bb global_colors_info=\u00bb{}\u00bb]<\/p>\n<p><strong>Innovaci\u00f3n y Creatividad en Cada Detalle<\/strong><\/p>\n<p>En nuestro af\u00e1n por brindarte lo mejor, nos mantenemos siempre a la vanguardia de la innovaci\u00f3n. Cada sesi\u00f3n fotogr\u00e1fica es una oportunidad para experimentar con fondos \u00fanicos, atrezzos creativos, complementos elegantes y escenograf\u00edas cautivadoras. Cada elemento que incorporamos en nuestras im\u00e1genes est\u00e1 cuidadosamente seleccionado y contribuye a dar vida a la visi\u00f3n que tenemos para cada sesi\u00f3n. Cada escenario es el resultado de una minuciosa labor de dedicaci\u00f3n y b\u00fasqueda constante de elementos que a\u00f1adan magia a tus recuerdos.<\/p>\n<p>[\/et_pb_text][\/et_pb_column][\/et_pb_row][et_pb_row column_structure=\u00bb1_2,1_2&#8243; use_custom_gutter=\u00bbon\u00bb gutter_width=\u00bb2&#8243; custom_padding_last_edited=\u00bbon|tablet\u00bb _builder_version=\u00bb4.23.1&#8243; _module_preset=\u00bbdefault\u00bb background_color=\u00bbrgba(255,255,255,0.32)\u00bb max_width=\u00bb100%\u00bb custom_padding=\u00bb|80px|80px|80px|false|true\u00bb custom_padding_tablet=\u00bb40px|40px|40px|40px|true|true\u00bb custom_padding_phone=\u00bb20px|20px|20px|20px|true|true\u00bb global_colors_info=\u00bb{}\u00bb][et_pb_column type=\u00bb1_2&#8243; _builder_version=\u00bb4.20.0&#8243; _module_preset=\u00bbdefault\u00bb global_colors_info=\u00bb{}\u00bb][et_pb_text _builder_version=\u00bb4.23.1&#8243; _module_preset=\u00bbe1b92aed-2bbd-4273-8e92-212033f580f4&#8243; text_font=\u00bb||||||||\u00bb text_text_color=\u00bb#FFFFFF\u00bb global_colors_info=\u00bb{}\u00bb]<\/p>\n<p><strong>Un Equipo Apasionado y Comprometido<\/strong><\/p>\n<p>Detr\u00e1s de cada disparo exitoso, hay un equipo entusiasta y comprometido que vive y respira la fotograf\u00eda. Mantenemos la misma pasi\u00f3n y entusiasmo que ten\u00edamos desde el primer d\u00eda, lo que nos permite abordar cada proyecto con ojos frescos y creatividad desbordante. Nuestro mayor logro es ver la satisfacci\u00f3n en tus rostros al recibir nuestras fotograf\u00edas, y es por eso que nos esforzamos constantemente por superar tus expectativas.<\/p>\n<p><strong>Contacta con Nosotros<\/strong><\/p>\n<p>Si est\u00e1s emocionado por trabajar juntos o deseas obtener m\u00e1s informaci\u00f3n sobre nuestros servicios, no dudes en ponerte en contacto con nosotros. Estamos ubicados en dos c\u00f3modas localizaciones: en <strong>C\/ Reyes Cat\u00f3licos,4 21500 Gibrale\u00f3n Huelva. <\/strong>Si prefieres llamarnos, nuestros n\u00fameros son <strong>687 777 871 &#8211; 687 777 872<\/strong>\u00a0y <strong>959 300 817<\/strong>. Estamos ansiosos por ser parte de tus momentos inolvidables y transformarlos en im\u00e1genes que atesorar\u00e1s para siempre.<\/p>\n<p>&nbsp;<\/p>\n<p>[\/et_pb_text][\/et_pb_column][et_pb_column type=\u00bb1_2&#8243; _builder_version=\u00bb4.20.0&#8243; _module_preset=\u00bbdefault\u00bb global_colors_info=\u00bb{}\u00bb][et_pb_image src=\u00bbhttps:\/\/marimarin.es\/wp-content\/uploads\/2023\/11\/Estudio-fotografico-maria-marin-Gibraleon-Huelva-28.jpg\u00bb title_text=\u00bbEstudio fotografico maria marin Gibraleon Huelva (28)\u00bb _builder_version=\u00bb4.24.0&#8243; _module_preset=\u00bbdefault\u00bb hover_enabled=\u00bb0&#8243; global_colors_info=\u00bb{}\u00bb sticky_enabled=\u00bb0&#8243;][\/et_pb_image][\/et_pb_column][\/et_pb_row][\/et_pb_section]<\/p>\n","protected":false},"excerpt":{"rendered":"<p>Acerca de MariMarinCapturando Momentos Inolvidables: Tu Equipo de Profesionales en Fotograf\u00eda En nuestro estudio fotogr\u00e1fico, nos dedicamos apasionadamente a capturar y crear los momentos m\u00e1s preciosos de tu vida. Cada imagen que tomamos est\u00e1 imbuida con nuestra pasi\u00f3n y experiencia, lo que se refleja claramente en los resultados finales. Con m\u00e1s de dos d\u00e9cadas de [&hellip;]<\/p>\n","protected":false},"author":1,"featured_media":0,"parent":0,"menu_order":0,"comment_status":"closed","ping_status":"closed","template":"","meta":{"_et_pb_use_builder":"on","_et_pb_old_content":"","_et_gb_content_width":"","_oct_exclude_from_cache":false,"footnotes":""},"class_list":["post-6364","page","type-page","status-publish","hentry"],"_links":{"self":[{"href":"https:\/\/marimarin.es\/index.php?rest_route=\/wp\/v2\/pages\/6364","targetHints":{"allow":["GET"]}}],"collection":[{"href":"https:\/\/marimarin.es\/index.php?rest_route=\/wp\/v2\/pages"}],"about":[{"href":"https:\/\/marimarin.es\/index.php?rest_route=\/wp\/v2\/types\/page"}],"author":[{"embeddable":true,"href":"https:\/\/marimarin.es\/index.php?rest_route=\/wp\/v2\/users\/1"}],"replies":[{"embeddable":true,"href":"https:\/\/marimarin.es\/index.php?rest_route=%2Fwp%2Fv2%2Fcomments&post=6364"}],"version-history":[{"count":13,"href":"https:\/\/marimarin.es\/index.php?rest_route=\/wp\/v2\/pages\/6364\/revisions"}],"predecessor-version":[{"id":6836,"href":"https:\/\/marimarin.es\/index.php?rest_route=\/wp\/v2\/pages\/6364\/revisions\/6836"}],"wp:attachment":[{"href":"https:\/\/marimarin.es\/index.php?rest_route=%2Fwp%2Fv2%2Fmedia&parent=6364"}],"curies":[{"name":"wp","href":"https:\/\/api.w.org\/{rel}","templated":true}]}}